{"id":3072,"date":"2020-06-01T02:32:37","date_gmt":"2020-06-01T02:32:37","guid":{"rendered":"https:\/\/bavariaparking.ro\/home-2\/"},"modified":"2025-07-01T07:33:37","modified_gmt":"2025-07-01T07:33:37","slug":"home-2","status":"publish","type":"page","link":"https:\/\/bavariaparking.ro\/de\/","title":{"rendered":"Home 2"},"content":{"rendered":"\t\t<div data-elementor-type=\"wp-page\" data-elementor-id=\"3072\" class=\"elementor elementor-3072 elementor-2064\">\n\t\t\t\t\t\t<section class=\"elementor-section elementor-top-section elementor-element elementor-element-30706a5 elementor-section-full_width elementor-section-height-default elementor-section-height-default\" data-id=\"30706a5\" data-element_type=\"section\">\n\t\t\t\t\t\t<div class=\"elementor-container elementor-column-gap-no\">\n\t\t\t\t\t<div class=\"elementor-column elementor-col-100 elementor-top-column elementor-element elementor-element-6d444fd\" data-id=\"6d444fd\" data-element_type=\"column\">\n\t\t\t<div class=\"elementor-widget-wrap elementor-element-populated\">\n\t\t\t\t\t\t<div class=\"elementor-element elementor-element-bf798f9 elementor-widget elementor-widget-ucaddon_homemainslider\" data-id=\"bf798f9\" data-element_type=\"widget\" data-settings=\"{&quot;_animation&quot;:&quot;none&quot;}\" data-widget_type=\"ucaddon_homemainslider.default\">\n\t\t\t\t<div class=\"elementor-widget-container\">\n\t\t\t\n<!-- start Home Main Slider -->\n\n<section id=\"slider-eltron\" class=\"slider-section slider-style-one\">\n  <div id=\"slider-main\" class=\"slider-content owl-carousel\">\n    <div class=\"main-slider-img-text slide-type-one pera-content headline position-relative\">\n\t<div class=\"slider-img-bg img-zooming\" data-background=\"https:\/\/bavariaparking.ro\/wp-content\/uploads\/2025\/06\/parcare_langa_aeroport_Bavaria_parking-1.jpg\"><\/div>\n\t<div class=\"background_overlay\"><\/div>\n\t<div class=\"container\">\n\t\t<div class=\"slider-content-box\">\n\t\t\t<span class=\"title-tag text-uppercase\"><img decoding=\"async\" src=\"\/wp-content\/themes\/eltron\/assets\/icon\/icon5.svg\" alt=\"\">Genie\u00dfen Sie Ihre Flugreise in Ruhe<\/span>\n\t\t\t<h2>Lassen Sie Ihr Auto in unserer Obhut bei Bavaria Parking<\/h2>\n\t\t\t<p>W\u00e4hlen Sie eine sichere und bequeme Parkl\u00f6sung.\n\n<\/p>\n\t\t\t<div class=\"slide-btn-1\">\n\t\t\t\t<a href=\"https:\/\/bavariaparking.ro\/contac\">Kontaktieren Sie uns  <i class=\"fas fa-long-arrow-alt-right\"><\/i><\/a>\n\t\t\t\t<a href=\"tel:+40 720 111 236\">+40 720 111 236  <i class=\"\"><\/i><\/a>\n\t\t\t<\/div>\n\t\t<\/div>\n\t<\/div>\n<\/div>\n<div class=\"main-slider-img-text slide-type-one pera-content headline position-relative\">\n\t<div class=\"slider-img-bg img-zooming\" data-background=\"https:\/\/bavariaparking.ro\/wp-content\/uploads\/2024\/12\/Bavaria_parking_aeroport-2.jpg\"><\/div>\n\t<div class=\"background_overlay\"><\/div>\n\t<div class=\"container\">\n\t\t<div class=\"slider-content-box\">\n\t\t\t<span class=\"title-tag text-uppercase\"><img decoding=\"async\" src=\"\/wp-content\/themes\/eltron\/assets\/icon\/icon5.svg\" alt=\"\">Parkplatz in der N\u00e4he des Flughafens Sibiu<\/span>\n\t\t\t<h2>Eine praktische L\u00f6sung, um Ihr Auto sicher abzustellen<\/h2>\n\t\t\t<p>G\u00fcnstige Preise und einfache Buchung<\/p>\n\t\t\t<div class=\"slide-btn-1\">\n\t\t\t\t<a href=\"https:\/\/bavariaparking.ro\/contac\">Kontaktieren Sie uns  <i class=\"fas fa-long-arrow-alt-right\"><\/i><\/a>\n\t\t\t\t<a href=\"tel:+40 720 111 236\">+40 720 111 236  <i class=\"\"><\/i><\/a>\n\t\t\t<\/div>\n\t\t<\/div>\n\t<\/div>\n<\/div>\n\n  <\/div>\n<\/section>\n<!-- end Home Main Slider -->\t\t<\/div>\n\t\t\t\t<\/div>\n\t\t\t\t\t<\/div>\n\t\t<\/div>\n\t\t\t\t\t<\/div>\n\t\t<\/section>\n\t\t<div class=\"elementor-element elementor-element-190428a e-flex e-con-boxed e-con e-parent\" data-id=\"190428a\" data-element_type=\"container\" data-settings=\"{&quot;background_background&quot;:&quot;classic&quot;}\">\n\t\t\t\t\t<div class=\"e-con-inner\">\n\t\t\t\t<div class=\"elementor-element elementor-element-b9bb62e elementor-widget elementor-widget-heading\" data-id=\"b9bb62e\" data-element_type=\"widget\" data-widget_type=\"heading.default\">\n\t\t\t\t<div class=\"elementor-widget-container\">\n\t\t\t<h2 class=\"elementor-heading-title elementor-size-default\">Parkplatz im Freien in Sibiu\n<\/h2>\t\t<\/div>\n\t\t\t\t<\/div>\n\t\t\t\t<div class=\"elementor-element elementor-element-affb1cf elementor-widget elementor-widget-heading\" data-id=\"affb1cf\" data-element_type=\"widget\" data-widget_type=\"heading.default\">\n\t\t\t\t<div class=\"elementor-widget-container\">\n\t\t\t<h3 class=\"elementor-heading-title elementor-size-default\">Servicepreise<\/h3>\t\t<\/div>\n\t\t\t\t<\/div>\n\t\t\t\t\t<\/div>\n\t\t\t\t<\/div>\n\t\t\t\t<section class=\"elementor-section elementor-top-section elementor-element elementor-element-9c18736 overflow-visible elementor-section-boxed elementor-section-height-default elementor-section-height-default\" data-id=\"9c18736\" data-element_type=\"section\" data-settings=\"{&quot;background_background&quot;:&quot;classic&quot;}\">\n\t\t\t\t\t\t<div class=\"elementor-container elementor-column-gap-custom\">\n\t\t\t\t\t<div class=\"elementor-column elementor-col-25 elementor-top-column elementor-element elementor-element-5f381f9\" data-id=\"5f381f9\" data-element_type=\"column\">\n\t\t\t<div class=\"elementor-widget-wrap elementor-element-populated\">\n\t\t\t\t\t\t<div class=\"elementor-element elementor-element-a74015e elementor-widget elementor-widget-icon-box\" data-id=\"a74015e\" data-element_type=\"widget\" data-widget_type=\"icon-box.default\">\n\t\t\t\t<div class=\"elementor-widget-container\">\n\t\t\t\t\t<div class=\"elementor-icon-box-wrapper\">\n\n\t\t\t\n\t\t\t\t\t\t<div class=\"elementor-icon-box-content\">\n\n\t\t\t\t\t\t\t\t\t<h3 class=\"elementor-icon-box-title\">\n\t\t\t\t\t\t<span  >\n\t\t\t\t\t\t\t10 Minuten\t\t\t\t\t\t<\/span>\n\t\t\t\t\t<\/h3>\n\t\t\t\t\n\t\t\t\t\t\t\t\t\t<p class=\"elementor-icon-box-description\">\n\t\t\t\t\t\tFREI\t\t\t\t\t<\/p>\n\t\t\t\t\n\t\t\t<\/div>\n\t\t\t\n\t\t<\/div>\n\t\t\t\t<\/div>\n\t\t\t\t<\/div>\n\t\t\t\t\t<\/div>\n\t\t<\/div>\n\t\t\t\t<div class=\"elementor-column elementor-col-25 elementor-top-column elementor-element elementor-element-48d6ca0\" data-id=\"48d6ca0\" data-element_type=\"column\">\n\t\t\t<div class=\"elementor-widget-wrap elementor-element-populated\">\n\t\t\t\t\t\t<div class=\"elementor-element elementor-element-e92ce82 elementor-widget elementor-widget-icon-box\" data-id=\"e92ce82\" data-element_type=\"widget\" data-widget_type=\"icon-box.default\">\n\t\t\t\t<div class=\"elementor-widget-container\">\n\t\t\t\t\t<div class=\"elementor-icon-box-wrapper\">\n\n\t\t\t\n\t\t\t\t\t\t<div class=\"elementor-icon-box-content\">\n\n\t\t\t\t\t\t\t\t\t<h3 class=\"elementor-icon-box-title\">\n\t\t\t\t\t\t<span  >\n\t\t\t\t\t\t\t> 10 Minuten \u2013 2 Stunden\t\t\t\t\t\t<\/span>\n\t\t\t\t\t<\/h3>\n\t\t\t\t\n\t\t\t\t\t\t\t\t\t<p class=\"elementor-icon-box-description\">\n\t\t\t\t\t\t8 Ron.\t\t\t\t\t<\/p>\n\t\t\t\t\n\t\t\t<\/div>\n\t\t\t\n\t\t<\/div>\n\t\t\t\t<\/div>\n\t\t\t\t<\/div>\n\t\t\t\t\t<\/div>\n\t\t<\/div>\n\t\t\t\t<div class=\"elementor-column elementor-col-25 elementor-top-column elementor-element elementor-element-75faa89\" data-id=\"75faa89\" data-element_type=\"column\">\n\t\t\t<div class=\"elementor-widget-wrap elementor-element-populated\">\n\t\t\t\t\t\t<div class=\"elementor-element elementor-element-a442ff1 elementor-widget elementor-widget-icon-box\" data-id=\"a442ff1\" data-element_type=\"widget\" data-widget_type=\"icon-box.default\">\n\t\t\t\t<div class=\"elementor-widget-container\">\n\t\t\t\t\t<div class=\"elementor-icon-box-wrapper\">\n\n\t\t\t\n\t\t\t\t\t\t<div class=\"elementor-icon-box-content\">\n\n\t\t\t\t\t\t\t\t\t<h3 class=\"elementor-icon-box-title\">\n\t\t\t\t\t\t<span  >\n\t\t\t\t\t\t\t3 - 6 Stunden\t\t\t\t\t\t<\/span>\n\t\t\t\t\t<\/h3>\n\t\t\t\t\n\t\t\t\t\t\t\t\t\t<p class=\"elementor-icon-box-description\">\n\t\t\t\t\t\t25 Ron\t\t\t\t\t<\/p>\n\t\t\t\t\n\t\t\t<\/div>\n\t\t\t\n\t\t<\/div>\n\t\t\t\t<\/div>\n\t\t\t\t<\/div>\n\t\t\t\t\t<\/div>\n\t\t<\/div>\n\t\t\t\t<div class=\"elementor-column elementor-col-25 elementor-top-column elementor-element elementor-element-a94c043\" data-id=\"a94c043\" data-element_type=\"column\">\n\t\t\t<div class=\"elementor-widget-wrap elementor-element-populated\">\n\t\t\t\t\t\t<div class=\"elementor-element elementor-element-3b1c779 elementor-widget elementor-widget-icon-box\" data-id=\"3b1c779\" data-element_type=\"widget\" data-widget_type=\"icon-box.default\">\n\t\t\t\t<div class=\"elementor-widget-container\">\n\t\t\t\t\t<div class=\"elementor-icon-box-wrapper\">\n\n\t\t\t\n\t\t\t\t\t\t<div class=\"elementor-icon-box-content\">\n\n\t\t\t\t\t\t\t\t\t<h3 class=\"elementor-icon-box-title\">\n\t\t\t\t\t\t<span  >\n\t\t\t\t\t\t\t7 -24 Stunden\t\t\t\t\t\t<\/span>\n\t\t\t\t\t<\/h3>\n\t\t\t\t\n\t\t\t\t\t\t\t\t\t<p class=\"elementor-icon-box-description\">\n\t\t\t\t\t\t45 Ron\t\t\t\t\t<\/p>\n\t\t\t\t\n\t\t\t<\/div>\n\t\t\t\n\t\t<\/div>\n\t\t\t\t<\/div>\n\t\t\t\t<\/div>\n\t\t\t\t\t<\/div>\n\t\t<\/div>\n\t\t\t\t\t<\/div>\n\t\t<\/section>\n\t\t\t\t<section class=\"elementor-section elementor-top-section elementor-element elementor-element-206bc66 overflow-visible elementor-section-boxed elementor-section-height-default elementor-section-height-default\" data-id=\"206bc66\" data-element_type=\"section\" data-settings=\"{&quot;background_background&quot;:&quot;classic&quot;}\">\n\t\t\t\t\t\t<div class=\"elementor-container elementor-column-gap-custom\">\n\t\t\t\t\t<div class=\"elementor-column elementor-col-25 elementor-top-column elementor-element elementor-element-7fc344c\" data-id=\"7fc344c\" data-element_type=\"column\">\n\t\t\t<div class=\"elementor-widget-wrap elementor-element-populated\">\n\t\t\t\t\t\t<div class=\"elementor-element elementor-element-3971b8c elementor-widget elementor-widget-icon-box\" data-id=\"3971b8c\" data-element_type=\"widget\" data-widget_type=\"icon-box.default\">\n\t\t\t\t<div class=\"elementor-widget-container\">\n\t\t\t\t\t<div class=\"elementor-icon-box-wrapper\">\n\n\t\t\t\n\t\t\t\t\t\t<div class=\"elementor-icon-box-content\">\n\n\t\t\t\t\t\t\t\t\t<h3 class=\"elementor-icon-box-title\">\n\t\t\t\t\t\t<span  >\n\t\t\t\t\t\t\t2 Tage\t\t\t\t\t\t<\/span>\n\t\t\t\t\t<\/h3>\n\t\t\t\t\n\t\t\t\t\t\t\t\t\t<p class=\"elementor-icon-box-description\">\n\t\t\t\t\t\t90 Ron\t\t\t\t\t<\/p>\n\t\t\t\t\n\t\t\t<\/div>\n\t\t\t\n\t\t<\/div>\n\t\t\t\t<\/div>\n\t\t\t\t<\/div>\n\t\t\t\t\t<\/div>\n\t\t<\/div>\n\t\t\t\t<div class=\"elementor-column elementor-col-25 elementor-top-column elementor-element elementor-element-683a205\" data-id=\"683a205\" data-element_type=\"column\">\n\t\t\t<div class=\"elementor-widget-wrap elementor-element-populated\">\n\t\t\t\t\t\t<div class=\"elementor-element elementor-element-ff79955 elementor-widget elementor-widget-icon-box\" data-id=\"ff79955\" data-element_type=\"widget\" data-widget_type=\"icon-box.default\">\n\t\t\t\t<div class=\"elementor-widget-container\">\n\t\t\t\t\t<div class=\"elementor-icon-box-wrapper\">\n\n\t\t\t\n\t\t\t\t\t\t<div class=\"elementor-icon-box-content\">\n\n\t\t\t\t\t\t\t\t\t<h3 class=\"elementor-icon-box-title\">\n\t\t\t\t\t\t<span  >\n\t\t\t\t\t\t\t3 - 7 Tage\t\t\t\t\t\t<\/span>\n\t\t\t\t\t<\/h3>\n\t\t\t\t\n\t\t\t\t\t\t\t\t\t<p class=\"elementor-icon-box-description\">\n\t\t\t\t\t\t155 Ron\t\t\t\t\t<\/p>\n\t\t\t\t\n\t\t\t<\/div>\n\t\t\t\n\t\t<\/div>\n\t\t\t\t<\/div>\n\t\t\t\t<\/div>\n\t\t\t\t\t<\/div>\n\t\t<\/div>\n\t\t\t\t<div class=\"elementor-column elementor-col-25 elementor-top-column elementor-element elementor-element-5c41b19\" data-id=\"5c41b19\" data-element_type=\"column\">\n\t\t\t<div class=\"elementor-widget-wrap elementor-element-populated\">\n\t\t\t\t\t\t<div class=\"elementor-element elementor-element-c14bbee elementor-widget elementor-widget-icon-box\" data-id=\"c14bbee\" data-element_type=\"widget\" data-widget_type=\"icon-box.default\">\n\t\t\t\t<div class=\"elementor-widget-container\">\n\t\t\t\t\t<div class=\"elementor-icon-box-wrapper\">\n\n\t\t\t\n\t\t\t\t\t\t<div class=\"elementor-icon-box-content\">\n\n\t\t\t\t\t\t\t\t\t<h3 class=\"elementor-icon-box-title\">\n\t\t\t\t\t\t<span  >\n\t\t\t\t\t\t\t8 Tage\t\t\t\t\t\t<\/span>\n\t\t\t\t\t<\/h3>\n\t\t\t\t\n\t\t\t\t\t\t\t\t\t<p class=\"elementor-icon-box-description\">\n\t\t\t\t\t\t200 Ron\t\t\t\t\t<\/p>\n\t\t\t\t\n\t\t\t<\/div>\n\t\t\t\n\t\t<\/div>\n\t\t\t\t<\/div>\n\t\t\t\t<\/div>\n\t\t\t\t\t<\/div>\n\t\t<\/div>\n\t\t\t\t<div class=\"elementor-column elementor-col-25 elementor-top-column elementor-element elementor-element-7caac6d\" data-id=\"7caac6d\" data-element_type=\"column\">\n\t\t\t<div class=\"elementor-widget-wrap elementor-element-populated\">\n\t\t\t\t\t\t<div class=\"elementor-element elementor-element-fc56948 elementor-widget elementor-widget-icon-box\" data-id=\"fc56948\" data-element_type=\"widget\" data-widget_type=\"icon-box.default\">\n\t\t\t\t<div class=\"elementor-widget-container\">\n\t\t\t\t\t<div class=\"elementor-icon-box-wrapper\">\n\n\t\t\t\n\t\t\t\t\t\t<div class=\"elementor-icon-box-content\">\n\n\t\t\t\t\t\t\t\t\t<h3 class=\"elementor-icon-box-title\">\n\t\t\t\t\t\t<span  >\n\t\t\t\t\t\t\t9 - 15 Tage\t\t\t\t\t\t<\/span>\n\t\t\t\t\t<\/h3>\n\t\t\t\t\n\t\t\t\t\t\t\t\t\t<p class=\"elementor-icon-box-description\">\n\t\t\t\t\t\t315 Ron\t\t\t\t\t<\/p>\n\t\t\t\t\n\t\t\t<\/div>\n\t\t\t\n\t\t<\/div>\n\t\t\t\t<\/div>\n\t\t\t\t<\/div>\n\t\t\t\t\t<\/div>\n\t\t<\/div>\n\t\t\t\t\t<\/div>\n\t\t<\/section>\n\t\t\t\t<section class=\"elementor-section elementor-top-section elementor-element elementor-element-ddffa2b overflow-visible elementor-section-boxed elementor-section-height-default elementor-section-height-default\" data-id=\"ddffa2b\" data-element_type=\"section\" data-settings=\"{&quot;background_background&quot;:&quot;classic&quot;}\">\n\t\t\t\t\t\t<div class=\"elementor-container elementor-column-gap-custom\">\n\t\t\t\t\t<div class=\"elementor-column elementor-col-25 elementor-top-column elementor-element elementor-element-9f3a327\" data-id=\"9f3a327\" data-element_type=\"column\">\n\t\t\t<div class=\"elementor-widget-wrap elementor-element-populated\">\n\t\t\t\t\t\t<div class=\"elementor-element elementor-element-dfb3213 elementor-widget elementor-widget-icon-box\" data-id=\"dfb3213\" data-element_type=\"widget\" data-widget_type=\"icon-box.default\">\n\t\t\t\t<div class=\"elementor-widget-container\">\n\t\t\t\t\t<div class=\"elementor-icon-box-wrapper\">\n\n\t\t\t\n\t\t\t\t\t\t<div class=\"elementor-icon-box-content\">\n\n\t\t\t\t\t\t\t\t\t<h3 class=\"elementor-icon-box-title\">\n\t\t\t\t\t\t<span  >\n\t\t\t\t\t\t\t \u00dcber 15 Tage\t\t\t\t\t\t<\/span>\n\t\t\t\t\t<\/h3>\n\t\t\t\t\n\t\t\t\t\t\t\t\t\t<p class=\"elementor-icon-box-description\">\n\t\t\t\t\t\t315 lei + 10 lei\/zi\t\t\t\t\t<\/p>\n\t\t\t\t\n\t\t\t<\/div>\n\t\t\t\n\t\t<\/div>\n\t\t\t\t<\/div>\n\t\t\t\t<\/div>\n\t\t\t\t\t<\/div>\n\t\t<\/div>\n\t\t\t\t<div class=\"elementor-column elementor-col-25 elementor-top-column elementor-element elementor-element-ec12cd5\" data-id=\"ec12cd5\" data-element_type=\"column\">\n\t\t\t<div class=\"elementor-widget-wrap\">\n\t\t\t\t\t\t\t<\/div>\n\t\t<\/div>\n\t\t\t\t<div class=\"elementor-column elementor-col-25 elementor-top-column elementor-element elementor-element-91d43e6\" data-id=\"91d43e6\" data-element_type=\"column\">\n\t\t\t<div class=\"elementor-widget-wrap\">\n\t\t\t\t\t\t\t<\/div>\n\t\t<\/div>\n\t\t\t\t<div class=\"elementor-column elementor-col-25 elementor-top-column elementor-element elementor-element-b123898\" data-id=\"b123898\" data-element_type=\"column\">\n\t\t\t<div class=\"elementor-widget-wrap\">\n\t\t\t\t\t\t\t<\/div>\n\t\t<\/div>\n\t\t\t\t\t<\/div>\n\t\t<\/section>\n\t\t\t\t<section class=\"elementor-section elementor-top-section elementor-element elementor-element-a05b80a elementor-section-full_width elementor-section-height-default elementor-section-height-default\" data-id=\"a05b80a\" data-element_type=\"section\">\n\t\t\t\t\t\t<div class=\"elementor-container elementor-column-gap-no\">\n\t\t\t\t\t<div class=\"elementor-column elementor-col-100 elementor-top-column elementor-element elementor-element-e8cae23\" data-id=\"e8cae23\" data-element_type=\"column\">\n\t\t\t<div class=\"elementor-widget-wrap elementor-element-populated\">\n\t\t\t\t\t\t<div class=\"elementor-element elementor-element-0a29648 elementor-widget elementor-widget-ucaddon_aboutussection2\" data-id=\"0a29648\" data-element_type=\"widget\" data-widget_type=\"ucaddon_aboutussection2.default\">\n\t\t\t\t<div class=\"elementor-widget-container\">\n\t\t\t\n<!-- start About Us 2 Section -->\n<style>\/* widget: About Us 2 Section *\/\n\n.about-section {\n  \tbackground-color: #ffffff;\n}\n.about-section::before {\n  background-image: url(https:\/\/bavariaparking.ro\/wp-content\/uploads\/2024\/12\/background-1.jpg);\n}\n\n\n<\/style>\n\n<!-- Start of about section\n============================================= -->\n<section id=\"about\" class=\"about-section second\">\n  <div class=\"container\">\n    <div class=\"about-content\">\n      <div class=\"row\">\n        <div class=\"col-lg-6 col-md-12\">\n          <div class=\"about-text\">\n            <div class=\"section-title-left\">\n              <span class=\"title-tag\"><img decoding=\"async\" src=\"\/wp-content\/themes\/eltron\/assets\/icon\/icon5.svg\" alt=\"\">\u00dcber uns<\/span>\n              <h2>BAVARIA PARKING<\/h2>\n            <\/div>\n            <!-- title -->\n            <div class=\"about-content pera-content\">\n              <div class=\"about-text1\">\n                <p>\n\t\t\t\t\t\t\t\t\t\tWir sind mehr als nur ein Parkplatz \u2013 wir sind Ihr zuverl\u00e4ssiger Partner f\u00fcr sorgenfreies Reisen! Mit fundierter Erfahrung in der Bereitstellung von Parkdienstleistungen f\u00fcr Flugreisen sind wir bestrebt, allen unseren Kunden sichere, komfortable und erschwingliche L\u00f6sungen anzubieten.\t\t\t\t<\/p>\n              <\/div>\n                            <div class=\"about-counter\">\n                <div class=\"about-counter-text-number headline\">\n  <h4>Parkkapazit\u00e4t<\/h4>\n  <div class=\"counter-icon float-left\">\n    <img decoding=\"async\" src=\"https:\/\/bavariaparking.ro\/wp-content\/uploads\/2024\/12\/locuri_parcare.png\" alt=\"\">\n  <\/div>\n  <div class=\"counter-number\">\n    <h4 class=\"counter\">200 <\/h4><strong>Parkpl\u00e4tze<\/strong>\n  <\/div>\n<\/div>\n<div class=\"about-counter-text-number headline\">\n  <h4>Entfernung vom Flughafen<\/h4>\n  <div class=\"counter-icon float-left\">\n    <img decoding=\"async\" src=\"https:\/\/bavariaparking.ro\/wp-content\/uploads\/2024\/12\/distanta-.png\" alt=\"\">\n  <\/div>\n  <div class=\"counter-number\">\n    <h4 class=\"counter\">200<\/h4><strong><br\/> Meter<\/strong>\n  <\/div>\n<\/div>\n\n              <\/div>\n                                        <\/div>\n          <\/div>\n        <\/div>\n        <div class=\"col-lg-6 col-md-12\">\n           <img decoding=\"async\" class=\"small1\" src=\"https:\/\/bavariaparking.ro\/wp-content\/uploads\/2024\/12\/Bavaria_parking_parcare_aeroport_sibiu.jpg\" alt=\"\">\n        <\/div>\n      <\/div>\n    <\/div>\n  <\/div>\n<\/section>\n<!-- End of about section\n============================================= -->\n<!-- end About Us 2 Section -->\t\t<\/div>\n\t\t\t\t<\/div>\n\t\t\t\t<div class=\"elementor-element elementor-element-feed31d elementor-widget elementor-widget-ucaddon_solutionsection\" data-id=\"feed31d\" data-element_type=\"widget\" data-widget_type=\"ucaddon_solutionsection.default\">\n\t\t\t\t<div class=\"elementor-widget-container\">\n\t\t\t\n<!-- start Solution Section -->\n\n<!-- Start of driven solution section  -->\n\t<section id=\"driven-solution\" class=\"driven-solution-section service-page-driven position-relative\">\n\t\t<div class=\"container\">\n\t\t\t<div class=\"section-title-left text-center\">\n\t\t\t\t<span class=\"title-tag\"><img decoding=\"async\" src=\"\/wp-content\/themes\/eltron\/assets\/icon\/icon5.svg\" alt=\"\">Warum sollten Sie sich f\u00fcr unsere Dienstleistungen entscheiden?<\/span>\n\t\t\t\t<h2>Bavaria Parking<\/h2>\n\t\t\t<\/div>\n\t\t\t<!-- title -->\n\t\t\t<div class=\"features-content\">\n\t\t\t\t<div class=\"row\">\n\t\t\t\t\t<div class=\"col-md-4\">\n\t<div class=\"features-icon-text text-center position-relative\">\n\t\t<div class=\"features-icon\">\n\t\t\t<img decoding=\"async\" src=\"https:\/\/bavariaparking.ro\/wp-content\/uploads\/2024\/12\/Parking_symbol.png\" alt=\"\">\n\t\t<\/div>\n\t\t<div class=\"features-text headline pera-content\">\n\t\t\t<h3>Parkpl\u00e4tze<\/h3>\n\t\t\t<p>\u00dcber 200 Parkpl\u00e4tze<\/p>\n\t\t<\/div>\n\t\t<div class=\"features-hover-content\">\n\t\t\t<div class=\"features-hover-text headline pera-content\">\n\t\t\t\t<h3>Parkpl\u00e4tze<\/h3>\n\t\t\t\t<p>Wir stellen Ihnen einen gro\u00dfz\u00fcgigen, modernen Parkplatz mit einer Kapazit\u00e4t von ca. 200 Stellpl\u00e4tzen zur Verf\u00fcgung.<\/p>\n              \t\t\t<\/div>\n\t\t<\/div>\n\t<\/div>\n<\/div>\n<div class=\"col-md-4\">\n\t<div class=\"features-icon-text text-center position-relative\">\n\t\t<div class=\"features-icon\">\n\t\t\t<img decoding=\"async\" src=\"https:\/\/bavariaparking.ro\/wp-content\/uploads\/2024\/12\/aeroport_sibiu.png\" alt=\"\">\n\t\t<\/div>\n\t\t<div class=\"features-text headline pera-content\">\n\t\t\t<h3>N\u00e4he<\/h3>\n\t\t\t<p>Wir sind gegen\u00fcber dem Flughafen<\/p>\n\t\t<\/div>\n\t\t<div class=\"features-hover-content\">\n\t\t\t<div class=\"features-hover-text headline pera-content\">\n\t\t\t\t<h3>N\u00e4he<\/h3>\n\t\t\t\t<p>Der Standort befindet sich in der N\u00e4he des Flughafens Sibiu, auf der Str. Vereinigtes Europa 2<\/p>\n              \t\t\t<\/div>\n\t\t<\/div>\n\t<\/div>\n<\/div>\n<div class=\"col-md-4\">\n\t<div class=\"features-icon-text text-center position-relative\">\n\t\t<div class=\"features-icon\">\n\t\t\t<img decoding=\"async\" src=\"https:\/\/bavariaparking.ro\/wp-content\/uploads\/2024\/12\/supraveghere-video.png\" alt=\"\">\n\t\t<\/div>\n\t\t<div class=\"features-text headline pera-content\">\n\t\t\t<h3>Video\u00fcberwachung<\/h3>\n\t\t\t<p>Der Bereich wird rund um die Uhr video\u00fcberwacht<\/p>\n\t\t<\/div>\n\t\t<div class=\"features-hover-content\">\n\t\t\t<div class=\"features-hover-text headline pera-content\">\n\t\t\t\t<h3>Video\u00fcberwachung<\/h3>\n\t\t\t\t<p>W\u00e4hlen Sie einen sicheren und zug\u00e4nglichen Ort, der f\u00fcr jede Aufenthaltsdauer ideal ist und zudem \u00fcber eine permanente Video\u00fcberwachung verf\u00fcgt.<\/p>\n              \t\t\t<\/div>\n\t\t<\/div>\n\t<\/div>\n<\/div>\n\n\t\t\t\t<\/div>\n\t\t\t\t<div class=\"driven-text-content\">\n\t\t\t\t\t<div class=\"driven-text pera-content text-center\">\n\t\t\t\t\t\t<p>Ihre Reise beginnt mit einem sorgenfreien Erlebnis. W\u00e4hlen Sie unseren Parkservice und genie\u00dfen Sie den Komfort, den Sie verdienen!<\/p>\n\t\t\t\t\t\n\t\t\t\t\t<\/div>\n\t\t\t\t<\/div>\n\t\t\t<\/div>\n\t\t<\/div>\n\t<\/section>\n<!-- End of driven solution section -->\n<!-- end Solution Section -->\t\t<\/div>\n\t\t\t\t<\/div>\n\t\t\t\t\t<\/div>\n\t\t<\/div>\n\t\t\t\t\t<\/div>\n\t\t<\/section>\n\t\t\t\t<\/div>\n\t\t","protected":false},"excerpt":{"rendered":"<p>Genie\u00dfen Sie Ihre Flugreise in Ruhe Lassen Sie Ihr Auto in unserer Obhut bei Bavaria Parking W\u00e4hlen Sie eine sichere und bequeme Parkl\u00f6sung. Kontaktieren Sie uns +40 720 111 236 Parkplatz in der N\u00e4he des Flughafens Sibiu Eine praktische L\u00f6sung, um Ihr Auto sicher abzustellen G\u00fcnstige Preise und einfache Buchung Kontaktieren Sie uns +40 720 &hellip;<\/p>\n","protected":false},"author":1,"featured_media":0,"parent":0,"menu_order":0,"comment_status":"closed","ping_status":"closed","template":"elementor_header_footer","meta":{"footnotes":""},"class_list":["post-3072","page","type-page","status-publish","hentry"],"_links":{"self":[{"href":"https:\/\/bavariaparking.ro\/de\/wp-json\/wp\/v2\/pages\/3072","targetHints":{"allow":["GET"]}}],"collection":[{"href":"https:\/\/bavariaparking.ro\/de\/wp-json\/wp\/v2\/pages"}],"about":[{"href":"https:\/\/bavariaparking.ro\/de\/wp-json\/wp\/v2\/types\/page"}],"author":[{"embeddable":true,"href":"https:\/\/bavariaparking.ro\/de\/wp-json\/wp\/v2\/users\/1"}],"replies":[{"embeddable":true,"href":"https:\/\/bavariaparking.ro\/de\/wp-json\/wp\/v2\/comments?post=3072"}],"version-history":[{"count":16,"href":"https:\/\/bavariaparking.ro\/de\/wp-json\/wp\/v2\/pages\/3072\/revisions"}],"predecessor-version":[{"id":3221,"href":"https:\/\/bavariaparking.ro\/de\/wp-json\/wp\/v2\/pages\/3072\/revisions\/3221"}],"wp:attachment":[{"href":"https:\/\/bavariaparking.ro\/de\/wp-json\/wp\/v2\/media?parent=3072"}],"curies":[{"name":"wp","href":"https:\/\/api.w.org\/{rel}","templated":true}]}}